{"id":1116,"date":"2022-08-06T12:28:47","date_gmt":"2022-08-06T12:28:47","guid":{"rendered":"https:\/\/weblearnbd.net\/wp\/epora\/?page_id=1116"},"modified":"2026-01-21T14:57:36","modified_gmt":"2026-01-21T14:57:36","slug":"duk","status":"publish","type":"page","link":"https:\/\/inovatoriumokykla.lt\/en\/duk\/","title":{"rendered":"FAQ"},"content":{"rendered":"<div data-elementor-type=\"wp-page\" data-elementor-id=\"1116\" class=\"elementor elementor-1116\">\n\t\t\t\t\t\t<section class=\"elementor-section elementor-top-section elementor-element elementor-element-7ae01e0 elementor-section-boxed elementor-section-height-default elementor-section-height-default\" data-id=\"7ae01e0\" data-element_type=\"section\">\n\t\t\t\t\t\t<div class=\"elementor-container elementor-column-gap-default\">\n\t\t\t\t\t<div class=\"elementor-column elementor-col-100 elementor-top-column elementor-element elementor-element-f404d45\" data-id=\"f404d45\" data-element_type=\"column\">\n\t\t\t<div class=\"elementor-widget-wrap elementor-element-populated\">\n\t\t\t\t\t\t<div class=\"elementor-element elementor-element-33b7ab7 elementor-widget elementor-widget-tp-heading\" data-id=\"33b7ab7\" data-element_type=\"widget\" data-widget_type=\"tp-heading.default\">\n\t\t\t\t<div class=\"elementor-widget-container\">\n\t\t\t\r\n            \r\n              <div class=\"section-title\">\r\n                                <span class=\"tp-sub-title-box mb-15\">FAQ<\/span>\r\n                                <h2 class=\"tp-section-title mb-15\">Find answers to your questions<\/h2>\r\n                                \r\n              <\/div>\r\n\r\n        \r\n\r\n\t\t\t\t<\/div>\n\t\t\t\t<\/div>\n\t\t\t\t<div class=\"elementor-element elementor-element-1e72688 elementor-widget elementor-widget-tp-faq\" data-id=\"1e72688\" data-element_type=\"widget\" data-widget_type=\"tp-faq.default\">\n\t\t\t\t<div class=\"elementor-widget-container\">\n\t\t\t\r\n\r\n               <div class=\"accordion pb-20\" id=\"faqaccordion-1e72688\">\r\n                                  <div class=\"accordion-items\">\r\n                    <h2 class=\"accordion-header\" id=\"faqOne-0\">\r\n                      <button class=\"accordion-buttons\" type=\"button\" data-bs-toggle=\"collapse\" data-bs-target=\"#collapseOne-0\" aria-expanded=\"true\" aria-controls=\"collapseOne-0\">\r\n                        How long will the training last?                      <\/button>\r\n                    <\/h2>\r\n                    <div id=\"collapseOne-0\" class=\"accordion-collapse collapse show\" aria-labelledby=\"faqOne-0\" data-bs-parent=\"#faqaccordion-1e72688\">\r\n                      <div class=\"accordion-body\">\r\n                        The educational program lasts 10+4 weeks. <br>During 10 of them, participants will be based in Innovators' Valley, Antaliept\u0117 and for the rest 4 weeks - at individually decided location.                      <\/div>\r\n                    <\/div>\r\n                  <\/div>\r\n                                    <div class=\"accordion-items\">\r\n                    <h2 class=\"accordion-header\" id=\"faqOne-1\">\r\n                      <button class=\"accordion-buttons collapsed\" type=\"button\" data-bs-toggle=\"collapse\" data-bs-target=\"#collapseOne-1\" aria-expanded=\"true\" aria-controls=\"collapseOne-1\">\r\n                        How much does it cost?                      <\/button>\r\n                    <\/h2>\r\n                    <div id=\"collapseOne-1\" class=\"accordion-collapse collapse\" aria-labelledby=\"faqOne-1\" data-bs-parent=\"#faqaccordion-1e72688\">\r\n                      <div class=\"accordion-body\">\r\n                        A one-time program fee must be paid before starting the program.\n<br>Dalyvaujant vis\u0105 programos laik\u0105 dalyvio mokestis yra 700 EUR\n\n<br> In individual cases, the participation fee can be reduced - please contact us for more information.                      <\/div>\r\n                    <\/div>\r\n                  <\/div>\r\n                                    <div class=\"accordion-items\">\r\n                    <h2 class=\"accordion-header\" id=\"faqOne-2\">\r\n                      <button class=\"accordion-buttons collapsed\" type=\"button\" data-bs-toggle=\"collapse\" data-bs-target=\"#collapseOne-2\" aria-expanded=\"true\" aria-controls=\"collapseOne-2\">\r\n                        Are there age restrictions?                      <\/button>\r\n                    <\/h2>\r\n                    <div id=\"collapseOne-2\" class=\"accordion-collapse collapse\" aria-labelledby=\"faqOne-2\" data-bs-parent=\"#faqaccordion-1e72688\">\r\n                      <div class=\"accordion-body\">\r\n                        To participate in the programme you must be between 18 and 35 years old.                      <\/div>\r\n                    <\/div>\r\n                  <\/div>\r\n                                    <div class=\"accordion-items\">\r\n                    <h2 class=\"accordion-header\" id=\"faqOne-3\">\r\n                      <button class=\"accordion-buttons collapsed\" type=\"button\" data-bs-toggle=\"collapse\" data-bs-target=\"#collapseOne-3\" aria-expanded=\"true\" aria-controls=\"collapseOne-3\">\r\n                        What language is the training in?                      <\/button>\r\n                    <\/h2>\r\n                    <div id=\"collapseOne-3\" class=\"accordion-collapse collapse\" aria-labelledby=\"faqOne-3\" data-bs-parent=\"#faqaccordion-1e72688\">\r\n                      <div class=\"accordion-body\">\r\n                        Programos mokymosi procesas vyks lietuvi\u0173 kalba. Programos mentoriai gali bendrauti lietuvi\u0173, rus\u0173 ir angl\u0173 kalbomis.                      <\/div>\r\n                    <\/div>\r\n                  <\/div>\r\n                                    <div class=\"accordion-items\">\r\n                    <h2 class=\"accordion-header\" id=\"faqOne-4\">\r\n                      <button class=\"accordion-buttons collapsed\" type=\"button\" data-bs-toggle=\"collapse\" data-bs-target=\"#collapseOne-4\" aria-expanded=\"true\" aria-controls=\"collapseOne-4\">\r\n                        What will I get after graduation?                      <\/button>\r\n                    <\/h2>\r\n                    <div id=\"collapseOne-4\" class=\"accordion-collapse collapse\" aria-labelledby=\"faqOne-4\" data-bs-parent=\"#faqaccordion-1e72688\">\r\n                      <div class=\"accordion-body\">\r\n                        The training program is not accredited, so participants will not receive a formal diploma. At the end of the program, participants will have a personal portfolio and CV, which will describe the acquired competences and skills useful for future projects.                      <\/div>\r\n                    <\/div>\r\n                  <\/div>\r\n                                    <div class=\"accordion-items\">\r\n                    <h2 class=\"accordion-header\" id=\"faqOne-5\">\r\n                      <button class=\"accordion-buttons collapsed\" type=\"button\" data-bs-toggle=\"collapse\" data-bs-target=\"#collapseOne-5\" aria-expanded=\"true\" aria-controls=\"collapseOne-5\">\r\n                        What will my responsibilities be during school?                      <\/button>\r\n                    <\/h2>\r\n                    <div id=\"collapseOne-5\" class=\"accordion-collapse collapse\" aria-labelledby=\"faqOne-5\" data-bs-parent=\"#faqaccordion-1e72688\">\r\n                      <div class=\"accordion-body\">\r\n                        Participants and mentors together plan weekly activities, take care of the study spaces and environment, actively participating in community life, plan field investigations, studies, travels and support one another in the learning process.                      <\/div>\r\n                    <\/div>\r\n                  <\/div>\r\n                                    <div class=\"accordion-items\">\r\n                    <h2 class=\"accordion-header\" id=\"faqOne-6\">\r\n                      <button class=\"accordion-buttons collapsed\" type=\"button\" data-bs-toggle=\"collapse\" data-bs-target=\"#collapseOne-6\" aria-expanded=\"true\" aria-controls=\"collapseOne-6\">\r\n                        Where will it take place?                      <\/button>\r\n                    <\/h2>\r\n                    <div id=\"collapseOne-6\" class=\"accordion-collapse collapse\" aria-labelledby=\"faqOne-6\" data-bs-parent=\"#faqaccordion-1e72688\">\r\n                      <div class=\"accordion-body\">\r\n                        The program will take place in Antaliept\u0117, at Innovators\u2019 Valley, where participants will share rooms and live together. Part of the program will also take place in nearby villages and abroad.                      <\/div>\r\n                    <\/div>\r\n                  <\/div>\r\n                                  <\/div>\r\n\r\n\t\t\t\t<\/div>\n\t\t\t\t<\/div>\n\t\t\t\t<div class=\"elementor-element elementor-element-9cc4452 elementor-widget elementor-widget-tp-heading\" data-id=\"9cc4452\" data-element_type=\"widget\" data-widget_type=\"tp-heading.default\">\n\t\t\t\t<div class=\"elementor-widget-container\">\n\t\t\t\r\n            \r\n              <div class=\"section-title\">\r\n                                <h2 class=\"tp-section-title mb-15\">More information<\/h2>\r\n                                    <p>Get in touch with the contacts below or register and choose the right time for an informational interview, during which we will answer all your questions<\/p>\r\n                                \r\n              <\/div>\r\n\r\n        \r\n\r\n\t\t\t\t<\/div>\n\t\t\t\t<\/div>\n\t\t\t\t<div class=\"elementor-element elementor-element-4062d41 elementor-widget elementor-widget-tp-btn\" data-id=\"4062d41\" data-element_type=\"widget\" data-widget_type=\"tp-btn.default\">\n\t\t\t\t<div class=\"elementor-widget-container\">\n\t\t\t\r\n\t\t\t\r\n\r\n                <a href=\"https:\/\/forms.gle\/ZaoUoB9ms8fuLqML8\" target=\"_blank\" rel=\"nofollow\" class=\"tp-btn\">Application form                     <span><i aria-hidden=\"true\" class=\"fal fa-long-arrow-right\"><\/i><\/span>\r\n                <\/a>\r\n        \r\n\r\n        \r\n        \t\t<\/div>\n\t\t\t\t<\/div>\n\t\t\t\t\t<\/div>\n\t\t<\/div>\n\t\t\t\t\t<\/div>\n\t\t<\/section>\n\t\t\t\t<\/div>","protected":false},"excerpt":{"rendered":"<p>DUK Rask atsakymus \u012f r\u016bpimus klausimus Kiek truks mokymai? Visa mokymosi programa vyks 10+4 savai\u010di\u0173. I\u0161 j\u0173 10 savai\u010di\u0173 dalyviai [&hellip;]<\/p>","protected":false},"author":1,"featured_media":0,"parent":0,"menu_order":0,"comment_status":"closed","ping_status":"closed","template":"elementor_header_footer","meta":{"footnotes":""},"class_list":["post-1116","page","type-page","status-publish","hentry"],"acf":[],"_links":{"self":[{"href":"https:\/\/inovatoriumokykla.lt\/en\/wp-json\/wp\/v2\/pages\/1116"}],"collection":[{"href":"https:\/\/inovatoriumokykla.lt\/en\/wp-json\/wp\/v2\/pages"}],"about":[{"href":"https:\/\/inovatoriumokykla.lt\/en\/wp-json\/wp\/v2\/types\/page"}],"author":[{"embeddable":true,"href":"https:\/\/inovatoriumokykla.lt\/en\/wp-json\/wp\/v2\/users\/1"}],"replies":[{"embeddable":true,"href":"https:\/\/inovatoriumokykla.lt\/en\/wp-json\/wp\/v2\/comments?post=1116"}],"version-history":[{"count":112,"href":"https:\/\/inovatoriumokykla.lt\/en\/wp-json\/wp\/v2\/pages\/1116\/revisions"}],"predecessor-version":[{"id":5295,"href":"https:\/\/inovatoriumokykla.lt\/en\/wp-json\/wp\/v2\/pages\/1116\/revisions\/5295"}],"wp:attachment":[{"href":"https:\/\/inovatoriumokykla.lt\/en\/wp-json\/wp\/v2\/media?parent=1116"}],"curies":[{"name":"wp","href":"https:\/\/api.w.org\/{rel}","templated":true}]}}