{"id":4486,"date":"2023-05-09T14:19:31","date_gmt":"2023-05-09T14:19:31","guid":{"rendered":"http:\/\/inovatoriumokykla.lt\/?page_id=4486"},"modified":"2026-01-21T12:57:19","modified_gmt":"2026-01-21T12:57:19","slug":"dalyviams","status":"publish","type":"page","link":"https:\/\/inovatoriumokykla.lt\/en\/dalyviams\/","title":{"rendered":"Want to join?"},"content":{"rendered":"<div data-elementor-type=\"wp-page\" data-elementor-id=\"4486\" class=\"elementor elementor-4486\">\n\t\t\t\t\t\t<section class=\"elementor-section elementor-top-section elementor-element elementor-element-780a2eee elementor-section-boxed elementor-section-height-default elementor-section-height-default\" data-id=\"780a2eee\" data-element_type=\"section\" data-settings=\"{&quot;background_background&quot;:&quot;classic&quot;}\">\n\t\t\t\t\t\t<div class=\"elementor-container elementor-column-gap-default\">\n\t\t\t\t\t<div class=\"elementor-column elementor-col-100 elementor-top-column elementor-element elementor-element-48b0fd7a\" data-id=\"48b0fd7a\" data-element_type=\"column\">\n\t\t\t<div class=\"elementor-widget-wrap elementor-element-populated\">\n\t\t\t\t\t\t<div class=\"elementor-element elementor-element-7e145770 elementor-widget elementor-widget-tp-heading\" data-id=\"7e145770\" data-element_type=\"widget\" data-widget_type=\"tp-heading.default\">\n\t\t\t\t<div class=\"elementor-widget-container\">\n\t\t\t\t\r\n\r\n\r\n              <div class=\"section-title\">\r\n\r\n                                <span class=\"tp-sub-title mb-20\">Join<\/span>\r\n                                <h2 class=\"tp-section-title\">Innovator's Folk High School in Lithuania<\/h2>\r\n                \r\n              <\/div>\r\n\r\n\r\n        \r\n\r\n        \t\t<\/div>\n\t\t\t\t<\/div>\n\t\t\t\t<div class=\"elementor-element elementor-element-285462c5 elementor-widget elementor-widget-tp-process\" data-id=\"285462c5\" data-element_type=\"widget\" data-widget_type=\"tp-process.default\">\n\t\t\t\t<div class=\"elementor-widget-container\">\n\t\t\t\t\r\n\r\n\r\n\r\n        <div class=\"tp-feature-cn\">\r\n           <div class=\"row\">\r\n\r\n                          <div class=\"col-xl-12 col-lg-12 col-md-12 col-sm-12\">\r\n                 <div class=\"tpfea mb-30 wow fadeInUp\" data-wow-duration=\".8s\" data-wow-delay=\".3s\">\r\n\r\n                                            <div class=\"tpfea__icon mb-25\">\r\n                              \r\n                        <\/div>\r\n                    \r\n                    <div class=\"tpfea__text\">\r\n                                                                        <p>Innovators' Folk High School is a place where young people (18-35 y.o.) can develop their skills, practice individual competencies, dedicate time to self-growth and to co-create an educational program together.<\/p>\r\n                                            <\/div>\r\n                 <\/div>\r\n              <\/div>\r\n            \r\n           <\/div>\r\n        <\/div>\r\n\r\n        \r\n        \t\t<\/div>\n\t\t\t\t<\/div>\n\t\t\t\t<div class=\"elementor-element elementor-element-7489d69 elementor-widget elementor-widget-tp-heading\" data-id=\"7489d69\" data-element_type=\"widget\" data-widget_type=\"tp-heading.default\">\n\t\t\t\t<div class=\"elementor-widget-container\">\n\t\t\t\t\r\n\r\n\r\n              <div class=\"section-title\">\r\n\r\n                                <h2 class=\"tp-section-title\">Program participants commit to<\/h2>\r\n                \r\n              <\/div>\r\n\r\n\r\n        \r\n\r\n        \t\t<\/div>\n\t\t\t\t<\/div>\n\t\t\t\t<div class=\"elementor-element elementor-element-c062cc0 elementor-widget elementor-widget-tp-process\" data-id=\"c062cc0\" data-element_type=\"widget\" data-widget_type=\"tp-process.default\">\n\t\t\t\t<div class=\"elementor-widget-container\">\n\t\t\t\t\r\n\r\n\r\n\r\n        <div class=\"tp-feature-cn\">\r\n           <div class=\"row\">\r\n\r\n                          <div class=\"col-xl-4 col-lg-4 col-md-6 col-sm-12\">\r\n                 <div class=\"tpfea mb-30 wow fadeInUp\" data-wow-duration=\".8s\" data-wow-delay=\".3s\">\r\n\r\n                                            <div class=\"tpfea__icon mb-25\">\r\n                            <i aria-hidden=\"true\" class=\"far fa-check-circle\"><\/i>                        <\/div>  \r\n                    \r\n                    <div class=\"tpfea__text\">\r\n                                                                        <p>The participant commits to actively participate in the development and implementation of the program for its entire duration - 10 weeks.<\/p>\r\n                                            <\/div>\r\n                 <\/div>\r\n              <\/div>\r\n                          <div class=\"col-xl-4 col-lg-4 col-md-6 col-sm-12\">\r\n                 <div class=\"tpfea mb-30 wow fadeInUp\" data-wow-duration=\".8s\" data-wow-delay=\".3s\">\r\n\r\n                                            <div class=\"tpfea__icon mb-25\">\r\n                            <i aria-hidden=\"true\" class=\"far fa-check-circle\"><\/i>                        <\/div>  \r\n                    \r\n                    <div class=\"tpfea__text\">\r\n                                                                        <p>The participant must be ready to live communally with other participants and share duties and responsibilities.\n<\/p>\r\n                                            <\/div>\r\n                 <\/div>\r\n              <\/div>\r\n                          <div class=\"col-xl-4 col-lg-4 col-md-6 col-sm-12\">\r\n                 <div class=\"tpfea mb-30 wow fadeInUp\" data-wow-duration=\".8s\" data-wow-delay=\".3s\">\r\n\r\n                                            <div class=\"tpfea__icon mb-25\">\r\n                            <i aria-hidden=\"true\" class=\"far fa-check-circle\"><\/i>                        <\/div>  \r\n                    \r\n                    <div class=\"tpfea__text\">\r\n                                                                        <p>The participant must understand that personal motivation and flexibility are essential qualities during this program. Each participant is responsible for their own learning process.<\/p>\r\n                                            <\/div>\r\n                 <\/div>\r\n              <\/div>\r\n                          <div class=\"col-xl-4 col-lg-4 col-md-6 col-sm-12\">\r\n                 <div class=\"tpfea mb-30 wow fadeInUp\" data-wow-duration=\".8s\" data-wow-delay=\".3s\">\r\n\r\n                                            <div class=\"tpfea__icon mb-25\">\r\n                            <i aria-hidden=\"true\" class=\"far fa-check-circle\"><\/i>                        <\/div>  \r\n                    \r\n                    <div class=\"tpfea__text\">\r\n                                                                        <p>Before the start of the program, the participant must pay an enrollment fee, which will be used for the development of personal and group projects.<\/p>\r\n                                            <\/div>\r\n                 <\/div>\r\n              <\/div>\r\n                          <div class=\"col-xl-4 col-lg-4 col-md-6 col-sm-12\">\r\n                 <div class=\"tpfea mb-30 wow fadeInUp\" data-wow-duration=\".8s\" data-wow-delay=\".3s\">\r\n\r\n                                            <div class=\"tpfea__icon mb-25\">\r\n                            <i aria-hidden=\"true\" class=\"far fa-check-circle\"><\/i>                        <\/div>  \r\n                    \r\n                    <div class=\"tpfea__text\">\r\n                                                                        <p>The participant must have basic knowledge of the English language (B2), which will be necessary for cooperation with international partners.<\/p>\r\n                                            <\/div>\r\n                 <\/div>\r\n              <\/div>\r\n                          <div class=\"col-xl-4 col-lg-4 col-md-6 col-sm-12\">\r\n                 <div class=\"tpfea mb-30 wow fadeInUp\" data-wow-duration=\".8s\" data-wow-delay=\".3s\">\r\n\r\n                                            <div class=\"tpfea__icon mb-25\">\r\n                            <i aria-hidden=\"true\" class=\"far fa-check-circle\"><\/i>                        <\/div>  \r\n                    \r\n                    <div class=\"tpfea__text\">\r\n                                                                        <p>The participant understands that sobriety is upheld throughout the entire program\u2014alcohol and drugs are not compatible with the program or the school\u2019s values.<\/p>\r\n                                            <\/div>\r\n                 <\/div>\r\n              <\/div>\r\n            \r\n           <\/div>\r\n        <\/div>\r\n\r\n        \r\n        \t\t<\/div>\n\t\t\t\t<\/div>\n\t\t\t\t<div class=\"elementor-element elementor-element-bcce6cf elementor-widget elementor-widget-tp-heading\" data-id=\"bcce6cf\" data-element_type=\"widget\" data-widget_type=\"tp-heading.default\">\n\t\t\t\t<div class=\"elementor-widget-container\">\n\t\t\t\t\r\n\r\n\r\n              <div class=\"section-title\">\r\n\r\n                                <h2 class=\"tp-section-title\">Main technical information<\/h2>\r\n                \r\n              <\/div>\r\n\r\n\r\n        \r\n\r\n        \t\t<\/div>\n\t\t\t\t<\/div>\n\t\t\t\t<div class=\"elementor-element elementor-element-c349b38 elementor-widget elementor-widget-tp-process\" data-id=\"c349b38\" data-element_type=\"widget\" data-widget_type=\"tp-process.default\">\n\t\t\t\t<div class=\"elementor-widget-container\">\n\t\t\t\t\r\n\r\n\r\n\r\n        <div class=\"tp-feature-cn\">\r\n           <div class=\"row\">\r\n\r\n                          <div class=\"col-xl-6 col-lg-6 col-md-6 col-sm-6\">\r\n                 <div class=\"tpfea mb-30 wow fadeInUp\" data-wow-duration=\".8s\" data-wow-delay=\".3s\">\r\n\r\n                                            <div class=\"tpfea__icon mb-25\">\r\n                            <i aria-hidden=\"true\" class=\"fas fa-money-check\"><\/i>                        <\/div>  \r\n                    \r\n                    <div class=\"tpfea__text\">\r\n                                                <h5 class=\"tpfea__title mb-20\">\r\n                           Expenses                        <\/h5>\r\n                                                                        <p>The main costs of meals, accommodation, program on study days (weekdays, excluding weekends) are paid by the program organizer.\n<\/p>\r\n                                            <\/div>\r\n                 <\/div>\r\n              <\/div>\r\n                          <div class=\"col-xl-6 col-lg-6 col-md-6 col-sm-6\">\r\n                 <div class=\"tpfea mb-30 wow fadeInUp\" data-wow-duration=\".8s\" data-wow-delay=\".3s\">\r\n\r\n                                            <div class=\"tpfea__icon mb-25\">\r\n                            <i aria-hidden=\"true\" class=\"fas fa-map-pin\"><\/i>                        <\/div>  \r\n                    \r\n                    <div class=\"tpfea__text\">\r\n                                                <h5 class=\"tpfea__title mb-20\">\r\n                           Location                        <\/h5>\r\n                                                                        <p>Inovatori\u0173 Mokykla vyks Antaliept\u0117je, Inovatori\u0173 sl\u0117nyje. Dalis programos bus \u012fgyvendinama aplink esan\u010diose kaimi\u0161kose vietov\u0117se arba Danijoje.<\/p>\r\n                                            <\/div>\r\n                 <\/div>\r\n              <\/div>\r\n            \r\n           <\/div>\r\n        <\/div>\r\n\r\n        \r\n        \t\t<\/div>\n\t\t\t\t<\/div>\n\t\t\t\t<div class=\"elementor-element elementor-element-e324b54 elementor-widget elementor-widget-tp-btn\" data-id=\"e324b54\" data-element_type=\"widget\" data-widget_type=\"tp-btn.default\">\n\t\t\t\t<div class=\"elementor-widget-container\">\n\t\t\t\r\n\t\t\t\r\n\r\n                <a href=\"https:\/\/forms.gle\/ZaoUoB9ms8fuLqML8\" target=\"_blank\" rel=\"nofollow\" class=\"tp-btn\">Application form                     <span><i aria-hidden=\"true\" class=\"fal fa-long-arrow-right\"><\/i><\/span>\r\n                <\/a>\r\n        \r\n\r\n        \r\n        \t\t<\/div>\n\t\t\t\t<\/div>\n\t\t\t\t\t<\/div>\n\t\t<\/div>\n\t\t\t\t\t<\/div>\n\t\t<\/section>\n\t\t\t\t<\/div>","protected":false},"excerpt":{"rendered":"<p>Dalyvauk Inovatori\u0173 Mokykloje Lietuvoje! Inovatori\u0173 Mokykla yra skirta \u017emon\u0117ms nuo 18 iki 35 met\u0173, kurie nori vystyti savo geb\u0117jimus, pritaikyti [&hellip;]<\/p>","protected":false},"author":1,"featured_media":0,"parent":0,"menu_order":0,"comment_status":"closed","ping_status":"closed","template":"","meta":{"footnotes":""},"class_list":["post-4486","page","type-page","status-publish","hentry"],"acf":[],"_links":{"self":[{"href":"https:\/\/inovatoriumokykla.lt\/en\/wp-json\/wp\/v2\/pages\/4486"}],"collection":[{"href":"https:\/\/inovatoriumokykla.lt\/en\/wp-json\/wp\/v2\/pages"}],"about":[{"href":"https:\/\/inovatoriumokykla.lt\/en\/wp-json\/wp\/v2\/types\/page"}],"author":[{"embeddable":true,"href":"https:\/\/inovatoriumokykla.lt\/en\/wp-json\/wp\/v2\/users\/1"}],"replies":[{"embeddable":true,"href":"https:\/\/inovatoriumokykla.lt\/en\/wp-json\/wp\/v2\/comments?post=4486"}],"version-history":[{"count":90,"href":"https:\/\/inovatoriumokykla.lt\/en\/wp-json\/wp\/v2\/pages\/4486\/revisions"}],"predecessor-version":[{"id":5288,"href":"https:\/\/inovatoriumokykla.lt\/en\/wp-json\/wp\/v2\/pages\/4486\/revisions\/5288"}],"wp:attachment":[{"href":"https:\/\/inovatoriumokykla.lt\/en\/wp-json\/wp\/v2\/media?parent=4486"}],"curies":[{"name":"wp","href":"https:\/\/api.w.org\/{rel}","templated":true}]}}