{"id":5224,"date":"2025-07-10T10:48:02","date_gmt":"2025-07-10T10:48:02","guid":{"rendered":"https:\/\/inovatoriumokykla.lt\/?page_id=5224"},"modified":"2025-07-10T11:01:03","modified_gmt":"2025-07-10T11:01:03","slug":"dalyviu-atsiliepimai","status":"publish","type":"page","link":"https:\/\/inovatoriumokykla.lt\/en\/dalyviu-atsiliepimai\/","title":{"rendered":"Graduates talk"},"content":{"rendered":"<div data-elementor-type=\"wp-page\" data-elementor-id=\"5224\" class=\"elementor elementor-5224\">\n\t\t\t\t\t\t<section class=\"elementor-section elementor-top-section elementor-element elementor-element-51bf8d6 elementor-section-boxed elementor-section-height-default elementor-section-height-default\" data-id=\"51bf8d6\" data-element_type=\"section\">\n\t\t\t\t\t\t<div class=\"elementor-container elementor-column-gap-default\">\n\t\t\t\t\t<div class=\"elementor-column elementor-col-50 elementor-top-column elementor-element elementor-element-30b3d15\" data-id=\"30b3d15\" data-element_type=\"column\">\n\t\t\t<div class=\"elementor-widget-wrap elementor-element-populated\">\n\t\t\t\t\t\t<div class=\"elementor-element elementor-element-c37c8c6 elementor-widget elementor-widget-text-editor\" data-id=\"c37c8c6\" data-element_type=\"widget\" data-widget_type=\"text-editor.default\">\n\t\t\t\t<div class=\"elementor-widget-container\">\n\t\t\t\t\t\t\t<p><span style=\"font-weight: 400;\">As soon as I got to know about the Innovators' Folk High School project, I felt it would be an exciting adventure requiring courage and determination. I didn\u2019t know what to expect, but it turned out to be a wonderful experience with curious and inspiring participants who were eager to share their stories. I also met amazing mentors \u2014 their eyes full of light \u2014 ready to share knowledge, innovations, and possible solutions. They encouraged us to think, create, explore, and search for ways to make the world a better place to live.\n-Tomas, 2023<\/span><\/p><p><span style=\"font-weight: 400;\">The program was designed in such a way that it even led us to Denmark. There, we felt the centuries-old contribution of the \"hojskole\" to the everyday life of the community.\u00a0<\/span><\/p><p><span style=\"font-weight: 400;\">The experiences, connections, and living with different people opened completely new perspectives, created new friends and opportunities in my life. I am very grateful for the chance to experience this unforgettable adventure, which is still ongoing and seems like it will never end!<\/span><\/p><p><span style=\"font-weight: 400;\">-Tomas, 2023<\/span><\/p>\t\t\t\t\t\t<\/div>\n\t\t\t\t<\/div>\n\t\t\t\t\t<\/div>\n\t\t<\/div>\n\t\t\t\t<div class=\"elementor-column elementor-col-50 elementor-top-column elementor-element elementor-element-70ccbf7\" data-id=\"70ccbf7\" data-element_type=\"column\">\n\t\t\t<div class=\"elementor-widget-wrap elementor-element-populated\">\n\t\t\t\t\t\t<div class=\"elementor-element elementor-element-1fdbecf elementor-widget elementor-widget-image\" data-id=\"1fdbecf\" data-element_type=\"widget\" data-widget_type=\"image.default\">\n\t\t\t\t<div class=\"elementor-widget-container\">\n\t\t\t\t\t\t\t\t\t\t\t\t\t<img fetchpriority=\"high\" decoding=\"async\" width=\"640\" height=\"640\" src=\"https:\/\/inovatoriumokykla.lt\/wp-content\/uploads\/2025\/07\/Hojskole-soc.-medijos-1024x1024.png\" class=\"attachment-large size-large wp-image-5251\" alt=\"\" srcset=\"https:\/\/inovatoriumokykla.lt\/wp-content\/uploads\/2025\/07\/Hojskole-soc.-medijos-1024x1024.png 1024w, https:\/\/inovatoriumokykla.lt\/wp-content\/uploads\/2025\/07\/Hojskole-soc.-medijos-300x300.png 300w, https:\/\/inovatoriumokykla.lt\/wp-content\/uploads\/2025\/07\/Hojskole-soc.-medijos-150x150.png 150w, https:\/\/inovatoriumokykla.lt\/wp-content\/uploads\/2025\/07\/Hojskole-soc.-medijos-768x768.png 768w, https:\/\/inovatoriumokykla.lt\/wp-content\/uploads\/2025\/07\/Hojskole-soc.-medijos-12x12.png 12w, https:\/\/inovatoriumokykla.lt\/wp-content\/uploads\/2025\/07\/Hojskole-soc.-medijos-600x600.png 600w, https:\/\/inovatoriumokykla.lt\/wp-content\/uploads\/2025\/07\/Hojskole-soc.-medijos-100x100.png 100w, https:\/\/inovatoriumokykla.lt\/wp-content\/uploads\/2025\/07\/Hojskole-soc.-medijos-460x460.png 460w, https:\/\/inovatoriumokykla.lt\/wp-content\/uploads\/2025\/07\/Hojskole-soc.-medijos.png 1080w\" sizes=\"(max-width: 640px) 100vw, 640px\" \/>\t\t\t\t\t\t\t\t\t\t\t\t\t<\/div>\n\t\t\t\t<\/div>\n\t\t\t\t\t<\/div>\n\t\t<\/div>\n\t\t\t\t\t<\/div>\n\t\t<\/section>\n\t\t\t\t<section class=\"elementor-section elementor-top-section elementor-element elementor-element-6b00619 elementor-section-boxed elementor-section-height-default elementor-section-height-default\" data-id=\"6b00619\" data-element_type=\"section\">\n\t\t\t\t\t\t<div class=\"elementor-container elementor-column-gap-default\">\n\t\t\t\t\t<div class=\"elementor-column elementor-col-50 elementor-top-column elementor-element elementor-element-55ecc59\" data-id=\"55ecc59\" data-element_type=\"column\">\n\t\t\t<div class=\"elementor-widget-wrap elementor-element-populated\">\n\t\t\t\t\t\t<div class=\"elementor-element elementor-element-8ad9339 elementor-widget elementor-widget-image\" data-id=\"8ad9339\" data-element_type=\"widget\" data-widget_type=\"image.default\">\n\t\t\t\t<div class=\"elementor-widget-container\">\n\t\t\t\t\t\t\t\t\t\t\t\t\t<img decoding=\"async\" width=\"640\" height=\"640\" src=\"https:\/\/inovatoriumokykla.lt\/wp-content\/uploads\/2025\/07\/Hojskole-soc.-irma-1024x1024.png\" class=\"attachment-large size-large wp-image-5228\" alt=\"\" srcset=\"https:\/\/inovatoriumokykla.lt\/wp-content\/uploads\/2025\/07\/Hojskole-soc.-irma-1024x1024.png 1024w, https:\/\/inovatoriumokykla.lt\/wp-content\/uploads\/2025\/07\/Hojskole-soc.-irma-300x300.png 300w, https:\/\/inovatoriumokykla.lt\/wp-content\/uploads\/2025\/07\/Hojskole-soc.-irma-150x150.png 150w, https:\/\/inovatoriumokykla.lt\/wp-content\/uploads\/2025\/07\/Hojskole-soc.-irma-768x768.png 768w, https:\/\/inovatoriumokykla.lt\/wp-content\/uploads\/2025\/07\/Hojskole-soc.-irma-12x12.png 12w, https:\/\/inovatoriumokykla.lt\/wp-content\/uploads\/2025\/07\/Hojskole-soc.-irma-600x600.png 600w, https:\/\/inovatoriumokykla.lt\/wp-content\/uploads\/2025\/07\/Hojskole-soc.-irma-100x100.png 100w, https:\/\/inovatoriumokykla.lt\/wp-content\/uploads\/2025\/07\/Hojskole-soc.-irma-460x460.png 460w, https:\/\/inovatoriumokykla.lt\/wp-content\/uploads\/2025\/07\/Hojskole-soc.-irma.png 1080w\" sizes=\"(max-width: 640px) 100vw, 640px\" \/>\t\t\t\t\t\t\t\t\t\t\t\t\t<\/div>\n\t\t\t\t<\/div>\n\t\t\t\t\t<\/div>\n\t\t<\/div>\n\t\t\t\t<div class=\"elementor-column elementor-col-50 elementor-top-column elementor-element elementor-element-a49ab42\" data-id=\"a49ab42\" data-element_type=\"column\">\n\t\t\t<div class=\"elementor-widget-wrap elementor-element-populated\">\n\t\t\t\t\t\t<div class=\"elementor-element elementor-element-e7b16bb elementor-widget elementor-widget-text-editor\" data-id=\"e7b16bb\" data-element_type=\"widget\" data-widget_type=\"text-editor.default\">\n\t\t\t\t<div class=\"elementor-widget-container\">\n\t\t\t\t\t\t\t<p><span style=\"font-weight: 400;\">Now THAT was an experience! I never thought I\u2019d one day be brave enough to drop everything and go live in a monastery for nearly half a year, just because of an idea!\nWas it worth it? Yes, and absolutely!<\/span><\/p><p><span style=\"font-weight: 400;\">It was an adventure filled with travel, sleeping in unexpected places, organising events, facing daily challenges, surviving dramas, learning about the world, doing stand-up shows, and even hauling firewood \u2014 all while building deep connections with amazing people.<\/span><\/p><p><span style=\"font-weight: 400;\">My heart is full of joy knowing that this project gave me not only new skills and experiences but also someone I can grow and create with going forward!<\/span><\/p><p><span style=\"font-weight: 400;\">-Irma, 2023<\/span><\/p>\t\t\t\t\t\t<\/div>\n\t\t\t\t<\/div>\n\t\t\t\t\t<\/div>\n\t\t<\/div>\n\t\t\t\t\t<\/div>\n\t\t<\/section>\n\t\t\t\t<section class=\"elementor-section elementor-top-section elementor-element elementor-element-c6fdc3b elementor-section-boxed elementor-section-height-default elementor-section-height-default\" data-id=\"c6fdc3b\" data-element_type=\"section\">\n\t\t\t\t\t\t<div class=\"elementor-container elementor-column-gap-default\">\n\t\t\t\t\t<div class=\"elementor-column elementor-col-100 elementor-top-column elementor-element elementor-element-3ff63e7\" data-id=\"3ff63e7\" data-element_type=\"column\">\n\t\t\t<div class=\"elementor-widget-wrap\">\n\t\t\t\t\t\t\t<\/div>\n\t\t<\/div>\n\t\t\t\t\t<\/div>\n\t\t<\/section>\n\t\t\t\t<section class=\"elementor-section elementor-top-section elementor-element elementor-element-e2a6f56 elementor-section-boxed elementor-section-height-default elementor-section-height-default\" data-id=\"e2a6f56\" data-element_type=\"section\">\n\t\t\t\t\t\t<div class=\"elementor-container elementor-column-gap-default\">\n\t\t\t\t\t<div class=\"elementor-column elementor-col-50 elementor-top-column elementor-element elementor-element-34fbafa\" data-id=\"34fbafa\" data-element_type=\"column\">\n\t\t\t<div class=\"elementor-widget-wrap elementor-element-populated\">\n\t\t\t\t\t\t<div class=\"elementor-element elementor-element-416cbf2 elementor-widget elementor-widget-text-editor\" data-id=\"416cbf2\" data-element_type=\"widget\" data-widget_type=\"text-editor.default\">\n\t\t\t\t<div class=\"elementor-widget-container\">\n\t\t\t\t\t\t\t<p><span style=\"font-weight: 400;\">Innovators\u2019 Folk High School \u2013 a life-changing experience that gave me strength, inspiration, and motivation to transform my own life. \"Don\u2019t have a hundred coins, have a hundred friends.\"<\/span><\/p><p><span style=\"font-weight: 400;\"> It was the people \u2013 the new connections I made at Innovators\u2019 Folk High School \u2013 who opened new paths for me and broadened my horizons, helping me to think bigger and act without hesitation. Originally from Vilnius, I now live in Visaginas, where I work in the fields of education, culture, entertainment, and leisure. By the way, I met my future director at a conference where I was presenting together with other members of the School. <\/span><\/p><p><span style=\"font-weight: 400;\">Taking part in the program exceeded all my expectations and goals. My loved ones say I\u2019ve become a new person.<\/span><\/p><p>-Karolina, 2023<\/p>\t\t\t\t\t\t<\/div>\n\t\t\t\t<\/div>\n\t\t\t\t\t<\/div>\n\t\t<\/div>\n\t\t\t\t<div class=\"elementor-column elementor-col-50 elementor-top-column elementor-element elementor-element-87cdb1e\" data-id=\"87cdb1e\" data-element_type=\"column\">\n\t\t\t<div class=\"elementor-widget-wrap elementor-element-populated\">\n\t\t\t\t\t\t<div class=\"elementor-element elementor-element-cce8601 elementor-widget elementor-widget-image\" data-id=\"cce8601\" data-element_type=\"widget\" data-widget_type=\"image.default\">\n\t\t\t\t<div class=\"elementor-widget-container\">\n\t\t\t\t\t\t\t\t\t\t\t\t\t<img decoding=\"async\" width=\"640\" height=\"640\" src=\"https:\/\/inovatoriumokykla.lt\/wp-content\/uploads\/2025\/07\/Hojskole-karolina-1024x1024.png\" class=\"attachment-large size-large wp-image-5244\" alt=\"\" srcset=\"https:\/\/inovatoriumokykla.lt\/wp-content\/uploads\/2025\/07\/Hojskole-karolina-1024x1024.png 1024w, https:\/\/inovatoriumokykla.lt\/wp-content\/uploads\/2025\/07\/Hojskole-karolina-300x300.png 300w, https:\/\/inovatoriumokykla.lt\/wp-content\/uploads\/2025\/07\/Hojskole-karolina-150x150.png 150w, https:\/\/inovatoriumokykla.lt\/wp-content\/uploads\/2025\/07\/Hojskole-karolina-768x768.png 768w, https:\/\/inovatoriumokykla.lt\/wp-content\/uploads\/2025\/07\/Hojskole-karolina-12x12.png 12w, https:\/\/inovatoriumokykla.lt\/wp-content\/uploads\/2025\/07\/Hojskole-karolina-600x600.png 600w, https:\/\/inovatoriumokykla.lt\/wp-content\/uploads\/2025\/07\/Hojskole-karolina-100x100.png 100w, https:\/\/inovatoriumokykla.lt\/wp-content\/uploads\/2025\/07\/Hojskole-karolina-460x460.png 460w, https:\/\/inovatoriumokykla.lt\/wp-content\/uploads\/2025\/07\/Hojskole-karolina.png 1080w\" sizes=\"(max-width: 640px) 100vw, 640px\" \/>\t\t\t\t\t\t\t\t\t\t\t\t\t<\/div>\n\t\t\t\t<\/div>\n\t\t\t\t\t<\/div>\n\t\t<\/div>\n\t\t\t\t\t<\/div>\n\t\t<\/section>\n\t\t\t\t<section class=\"elementor-section elementor-top-section elementor-element elementor-element-b74e2a4 elementor-section-boxed elementor-section-height-default elementor-section-height-default\" data-id=\"b74e2a4\" data-element_type=\"section\">\n\t\t\t\t\t\t<div class=\"elementor-container elementor-column-gap-default\">\n\t\t\t\t\t<div class=\"elementor-column elementor-col-50 elementor-top-column elementor-element elementor-element-c866819\" data-id=\"c866819\" data-element_type=\"column\">\n\t\t\t<div class=\"elementor-widget-wrap elementor-element-populated\">\n\t\t\t\t\t\t<div class=\"elementor-element elementor-element-e390d33 elementor-widget elementor-widget-image\" data-id=\"e390d33\" data-element_type=\"widget\" data-widget_type=\"image.default\">\n\t\t\t\t<div class=\"elementor-widget-container\">\n\t\t\t\t\t\t\t\t\t\t\t\t\t<img loading=\"lazy\" decoding=\"async\" width=\"640\" height=\"640\" src=\"https:\/\/inovatoriumokykla.lt\/wp-content\/uploads\/2025\/07\/Hojskole-soc.migle_-1024x1024.png\" class=\"attachment-large size-large wp-image-5245\" alt=\"\" srcset=\"https:\/\/inovatoriumokykla.lt\/wp-content\/uploads\/2025\/07\/Hojskole-soc.migle_-1024x1024.png 1024w, https:\/\/inovatoriumokykla.lt\/wp-content\/uploads\/2025\/07\/Hojskole-soc.migle_-300x300.png 300w, https:\/\/inovatoriumokykla.lt\/wp-content\/uploads\/2025\/07\/Hojskole-soc.migle_-150x150.png 150w, https:\/\/inovatoriumokykla.lt\/wp-content\/uploads\/2025\/07\/Hojskole-soc.migle_-768x768.png 768w, https:\/\/inovatoriumokykla.lt\/wp-content\/uploads\/2025\/07\/Hojskole-soc.migle_-12x12.png 12w, https:\/\/inovatoriumokykla.lt\/wp-content\/uploads\/2025\/07\/Hojskole-soc.migle_-600x600.png 600w, https:\/\/inovatoriumokykla.lt\/wp-content\/uploads\/2025\/07\/Hojskole-soc.migle_-100x100.png 100w, https:\/\/inovatoriumokykla.lt\/wp-content\/uploads\/2025\/07\/Hojskole-soc.migle_-460x460.png 460w, https:\/\/inovatoriumokykla.lt\/wp-content\/uploads\/2025\/07\/Hojskole-soc.migle_.png 1080w\" sizes=\"(max-width: 640px) 100vw, 640px\" \/>\t\t\t\t\t\t\t\t\t\t\t\t\t<\/div>\n\t\t\t\t<\/div>\n\t\t\t\t\t<\/div>\n\t\t<\/div>\n\t\t\t\t<div class=\"elementor-column elementor-col-50 elementor-top-column elementor-element elementor-element-4c20a6c\" data-id=\"4c20a6c\" data-element_type=\"column\">\n\t\t\t<div class=\"elementor-widget-wrap elementor-element-populated\">\n\t\t\t\t\t\t<div class=\"elementor-element elementor-element-14cc9f7 elementor-widget elementor-widget-text-editor\" data-id=\"14cc9f7\" data-element_type=\"widget\" data-widget_type=\"text-editor.default\">\n\t\t\t\t<div class=\"elementor-widget-container\">\n\t\t\t\t\t\t\t<p>Innovators\u2019 Folk High School \u2013 one of the best decisions of my life. It\u2019s a life-changing adventure that helped me grow and inspired me to reach for new goals.<\/p><p data-start=\"279\" data-end=\"631\">Living for 10 weeks with people I had never met before now feels like a mission accomplished. Cooking buckwheat over a campfire, a surprise night hike to a local spring, or organising an event with 80 volunteers in Denmark in just 3 days? These are just a few unforgettable memories that still make me smile and feel alive.<\/p><p data-start=\"633\" data-end=\"742\">I feel that this school opened another door in my heart \u2014 a door to deeper humanity. And here, in Antaliept\u0117, I found a second family.<\/p><p data-start=\"744\" data-end=\"760\">-Migl\u0117, 2024<\/p>\t\t\t\t\t\t<\/div>\n\t\t\t\t<\/div>\n\t\t\t\t\t<\/div>\n\t\t<\/div>\n\t\t\t\t\t<\/div>\n\t\t<\/section>\n\t\t\t\t<\/div>","protected":false},"excerpt":{"rendered":"<p>Vos tik susipa\u017einau su Inovatori\u0173 Mokyklos projektu, pajutau, kad tai bus \u012fdomus nuotykis, reikalaujantis dr\u0105sos ir ry\u017eto. Ne\u017einojau, kas man\u0119s [&hellip;]<\/p>","protected":false},"author":1,"featured_media":0,"parent":0,"menu_order":4,"comment_status":"closed","ping_status":"closed","template":"","meta":{"footnotes":""},"class_list":["post-5224","page","type-page","status-publish","hentry"],"acf":[],"_links":{"self":[{"href":"https:\/\/inovatoriumokykla.lt\/en\/wp-json\/wp\/v2\/pages\/5224"}],"collection":[{"href":"https:\/\/inovatoriumokykla.lt\/en\/wp-json\/wp\/v2\/pages"}],"about":[{"href":"https:\/\/inovatoriumokykla.lt\/en\/wp-json\/wp\/v2\/types\/page"}],"author":[{"embeddable":true,"href":"https:\/\/inovatoriumokykla.lt\/en\/wp-json\/wp\/v2\/users\/1"}],"replies":[{"embeddable":true,"href":"https:\/\/inovatoriumokykla.lt\/en\/wp-json\/wp\/v2\/comments?post=5224"}],"version-history":[{"count":8,"href":"https:\/\/inovatoriumokykla.lt\/en\/wp-json\/wp\/v2\/pages\/5224\/revisions"}],"predecessor-version":[{"id":5254,"href":"https:\/\/inovatoriumokykla.lt\/en\/wp-json\/wp\/v2\/pages\/5224\/revisions\/5254"}],"wp:attachment":[{"href":"https:\/\/inovatoriumokykla.lt\/en\/wp-json\/wp\/v2\/media?parent=5224"}],"curies":[{"name":"wp","href":"https:\/\/api.w.org\/{rel}","templated":true}]}}